{"id":34,"date":"2025-02-10T23:50:08","date_gmt":"2025-02-10T22:50:08","guid":{"rendered":"https:\/\/spaceworld.pl\/?page_id=34"},"modified":"2025-02-15T21:23:09","modified_gmt":"2025-02-15T20:23:09","slug":"do-posluchania","status":"publish","type":"page","link":"https:\/\/spaceworld.pl\/?page_id=34","title":{"rendered":"For listening"},"content":{"rendered":"<p>Something for you\u2026<\/p><figure class=\"wp-block-embed is-type-video is-provider-youtube wp-block-embed-youtube wp-embed-aspect-16-9 wp-has-aspect-ratio\"><div class=\"wp-block-embed__wrapper\">\n<iframe loading=\"lazy\" title=\"Trudno\u015bci mo\u017cna pokona\u0107 | 4K\" width=\"1170\" height=\"658\" src=\"https:\/\/www.youtube.com\/embed\/ffzDiQnBofA?feature=oembed\" frameborder=\"0\" allow=\"accelerometer; autoplay; clipboard-write; encrypted-media; gyroscope; picture-in-picture; web-share\" referrerpolicy=\"strict-origin-when-cross-origin\" allowfullscreen><\/iframe>\n<\/div><\/figure><p>We examine how our childhood, environment, and upbringing shape the way we perceive difficulties. The beliefs we carry from home often program our subconscious \u2013 teaching us that life is a constant struggle or, conversely, that problems can be overcome with ease. How we deal with challenges is not a coincidence \u2013 it is the result of patterns that have been instilled in us.<\/p><p>But can they be changed?<\/p><p><\/p><figure class=\"wp-block-embed is-type-video is-provider-youtube wp-block-embed-youtube wp-embed-aspect-16-9 wp-has-aspect-ratio\"><div class=\"wp-block-embed__wrapper\">\n<iframe loading=\"lazy\" title=\"Wewn\u0119trzne Dziecko: G\u0142os, kt\u00f3ry Dociera Najg\u0142\u0119biej | 4K\" width=\"1170\" height=\"658\" src=\"https:\/\/www.youtube.com\/embed\/Susdx9rGOfY?feature=oembed\" frameborder=\"0\" allow=\"accelerometer; autoplay; clipboard-write; encrypted-media; gyroscope; picture-in-picture; web-share\" referrerpolicy=\"strict-origin-when-cross-origin\" allowfullscreen><\/iframe>\n<\/div><\/figure><p>This meditation on the 'inner child,&#8217; or that part of our identity within, will help you understand the mechanisms behind the wounded parts of our self from childhood. When we were little, our parents didn&#8217;t always know how to give us what that small child needed most. These deficiencies and longings echo within us and follow us throughout life, calling out for attention, love, acceptance, and care. We search for this and demand it from others. When you allow yourself to return to this part of yourself, you will meet your little girl or little boy from the past&#8230; You will let in the resources and love where there is the greatest calling and need for this delicate and important part of you. Thanks to this meditation, you will feel happier, calmer, and more content. You will feel more love for yourself, for others, and for the world, feeling an exceptional energy within to act, to live. You will leave behind your self-sabotage, creating a special connection with yourself that will make you always put yourself first and love yourself unconditionally.<\/p><p><\/p>","protected":false},"excerpt":{"rendered":"<p>Something for you\u2026 We examine how our childhood, environment, and upbringing shape the way we perceive difficulties. The beliefs we carry from home often program our subconscious \u2013 teaching us that life is a constant struggle or, conversely, that problems can be overcome with ease. How we deal with challenges is not a coincidence \u2013<\/p>\n<p class=\"more-link\"><a href=\"https:\/\/spaceworld.pl\/?page_id=34\" class=\"themebutton2\">Read More<\/a><\/p>\n","protected":false},"author":2,"featured_media":0,"parent":0,"menu_order":0,"comment_status":"closed","ping_status":"closed","template":"","meta":{"footnotes":""},"class_list":["post-34","page","type-page","status-publish","hentry"],"_links":{"self":[{"href":"https:\/\/spaceworld.pl\/index.php?rest_route=\/wp\/v2\/pages\/34","targetHints":{"allow":["GET"]}}],"collection":[{"href":"https:\/\/spaceworld.pl\/index.php?rest_route=\/wp\/v2\/pages"}],"about":[{"href":"https:\/\/spaceworld.pl\/index.php?rest_route=\/wp\/v2\/types\/page"}],"author":[{"embeddable":true,"href":"https:\/\/spaceworld.pl\/index.php?rest_route=\/wp\/v2\/users\/2"}],"replies":[{"embeddable":true,"href":"https:\/\/spaceworld.pl\/index.php?rest_route=%2Fwp%2Fv2%2Fcomments&post=34"}],"version-history":[{"count":4,"href":"https:\/\/spaceworld.pl\/index.php?rest_route=\/wp\/v2\/pages\/34\/revisions"}],"predecessor-version":[{"id":71,"href":"https:\/\/spaceworld.pl\/index.php?rest_route=\/wp\/v2\/pages\/34\/revisions\/71"}],"wp:attachment":[{"href":"https:\/\/spaceworld.pl\/index.php?rest_route=%2Fwp%2Fv2%2Fmedia&parent=34"}],"curies":[{"name":"wp","href":"https:\/\/api.w.org\/{rel}","templated":true}]}}